{"id":47,"date":"2018-01-10T07:42:57","date_gmt":"2018-01-10T07:42:57","guid":{"rendered":"https:\/\/aloe-vera.ee\/tooted\/?post_type=product&#038;p=47"},"modified":"2024-06-17T16:29:35","modified_gmt":"2024-06-17T14:29:35","slug":"forever-fiber","status":"publish","type":"product","link":"https:\/\/aloe-vera.ee\/tooted\/toode\/forever-fiber\/","title":{"rendered":"Forever Fiber"},"content":{"rendered":"<div>Igas pakikeses on 5 grammi patenditud nelja sorti kiudainete kompleksi ja fruktooligosahhariide. See on v\u00f5rdne peaaegu 1\u00bd klaasi pruuni riisi v\u00f5i 2 viilu t\u00e4isteraleivaga, ainult et ilma s\u00fcsivesikute ja kaloriteta! Fruktooligosahhariidid aitavad s\u00e4ilitada soolestiku normaalse talitluse. Forever Fiberi abil on lihtne oma toitumist kiudainetega t\u00e4iendada \u2013 puistake toodet roale v\u00f5i siis segage kokku vee v\u00f5i aaloemahlaga. Samuti v\u00f5ite pulbri lihtsalt oma lemmikjoogi pudelisse puistata ja selle kaasa v\u00f5tta!<\/div>\n<div><\/div>\n<div>Toitumisspetsialistid soovitavad iga p\u00e4ev tarvitada kuni 30 g kiudaineid, et tagada tervis ja t\u00f6\u00f6korras seedes\u00fcsteem. Paraku tarvitab enamik inimesi vaid ligikaudu pool sellest kogusest. Me s\u00f6\u00f6me ohtralt t\u00f6\u00f6deldud toitu, mis t\u00e4hendab, et me ei saa nii palju kiudaineid kui normaalsele organismile vaja. Ehkki kiudained seostuvad meie jaoks sageli t\u00f6\u00f6korras seedetraktiga (ja see on \u00f5ige), on need v\u00e4ga kasulikud kogu organismile. Kui tarvitate Forever Fiberit s\u00f6\u00f6gikordade vahel, ei l\u00e4he k\u00f5ht nii ruttu t\u00fchjaks, t\u00e4nu millele on kergem oma isu kontrolli all hoida, s\u00f6\u00f6mishooge v\u00e4ltida ja v\u00e4hem kaloreid tarvitada. See on eriti oluline neile, kes p\u00fc\u00fcavad kaalust alla v\u00f5tta (kui toidulisandi tarvitamist t\u00e4iendavad tervislik toitumine ja regulaarne trenn). Kiudained v\u00f5ivad abiks olla ka veresuhkru taseme normis hoidmisel (kui see on eelnevalt normis olnud) ja makro-toitainete omastamise aeglustamisel toidust, t\u00e4nu millele ei pruugi p\u00e4rast s\u00f6\u00f6mist tekkida uimasust ega j\u00f5uetuse tunnet. Uuringute kohaselt m\u00f5juvad kiudained h\u00e4sti ka s\u00fcdame ja veresoonkonna talitlusele. Teadlased tunnistavad t\u00e4nap\u00e4eval, et kuni 70% immuuns\u00fcsteemist s\u00f5ltub seedekulglast, sellep\u00e4rast v\u00f5ivad kiudained seedimist tugevdades soodsalt m\u00f5juda ka immuuns\u00fcsteemile. Kui organism saab piisavalt kiudaineid, v\u00f5ib see h\u00f5lbustada ebavajalike ainete v\u00e4ljutamist kehast ja leevendada m\u00f5nikord esineva k\u00f5hukinnisuse s\u00fcmptomeid.<\/div>\n<div><\/div>\n<div>TEAVE TOIDULISANDI\u00a0KOHTA:<\/div>\n<div><\/div>\n<div>Kogus \u00fches portsjonis (6,1 g):<\/div>\n<div>Kaloreid\u00a010<\/div>\n<div>Kokku s\u00fcsivesikuid\u00a06<\/div>\n<div>Kiudaineid\u00a05 g<\/div>\n<div>Lahustuvaid kiudaineid\u00a05 g<\/div>\n<div>Foreveri patenditud kiudainekompleksi\u00a05 g<\/div>\n<div>Akaatsiavaik, lahustuv maisikiud, dekstriin,\u00a0fruktooligosahhariidid.<\/div>\n<div><\/div>\n<div>SOOVITUSLIK\u00a0TARVITAMINE:<\/div>\n<div>Forever Fiberit on soovitatav v\u00f5tta v\u00e4hemalt 30 minutise vahega muude toidulisandite tarvitamisest, sest kiudained v\u00f5ivad m\u00f5jutada nende imendumist organismi.<\/div>\n","protected":false},"excerpt":{"rendered":"<p>Igas pakikeses on 5 grammi patenditud nelja sorti kiudainete kompleksi ja fruktooligosahhariide. See on v\u00f5rdne peaaegu 1\u00bd klaasi pruuni riisi v\u00f5i 2 viilu t\u00e4isteraleivaga, ainult et ilma s\u00fcsivesikute ja kaloriteta! Fruktooligosahhariidid aitavad s\u00e4ilitada soolestiku normaalse talitluse. Forever Fiberi abil on lihtne oma toitumist kiudainetega t\u00e4iendada \u2013 puistake toodet roale v\u00f5i siis segage kokku vee v\u00f5i [&hellip;]<\/p>\n","protected":false},"featured_media":3792,"comment_status":"open","ping_status":"closed","template":"","meta":[],"product_brand":[],"product_cat":[19],"product_tag":[],"class_list":{"0":"post-47","1":"product","2":"type-product","3":"status-publish","4":"has-post-thumbnail","6":"product_cat-toitumine","8":"first","9":"instock","10":"shipping-taxable","11":"purchasable","12":"product-type-simple"},"_links":{"self":[{"href":"https:\/\/aloe-vera.ee\/tooted\/wp-json\/wp\/v2\/product\/47","targetHints":{"allow":["GET"]}}],"collection":[{"href":"https:\/\/aloe-vera.ee\/tooted\/wp-json\/wp\/v2\/product"}],"about":[{"href":"https:\/\/aloe-vera.ee\/tooted\/wp-json\/wp\/v2\/types\/product"}],"replies":[{"embeddable":true,"href":"https:\/\/aloe-vera.ee\/tooted\/wp-json\/wp\/v2\/comments?post=47"}],"wp:featuredmedia":[{"embeddable":true,"href":"https:\/\/aloe-vera.ee\/tooted\/wp-json\/wp\/v2\/media\/3792"}],"wp:attachment":[{"href":"https:\/\/aloe-vera.ee\/tooted\/wp-json\/wp\/v2\/media?parent=47"}],"wp:term":[{"taxonomy":"product_brand","embeddable":true,"href":"https:\/\/aloe-vera.ee\/tooted\/wp-json\/wp\/v2\/product_brand?post=47"},{"taxonomy":"product_cat","embeddable":true,"href":"https:\/\/aloe-vera.ee\/tooted\/wp-json\/wp\/v2\/product_cat?post=47"},{"taxonomy":"product_tag","embeddable":true,"href":"https:\/\/aloe-vera.ee\/tooted\/wp-json\/wp\/v2\/product_tag?post=47"}],"curies":[{"name":"wp","href":"https:\/\/api.w.org\/{rel}","templated":true}]}}