{"id":3722,"date":"2024-04-17T11:16:13","date_gmt":"2024-04-17T09:16:13","guid":{"rendered":"https:\/\/aloe-vera.ee\/tooted\/?post_type=product&#038;p=3722"},"modified":"2024-06-17T16:00:51","modified_gmt":"2024-06-17T14:00:51","slug":"forever-supergreens","status":"publish","type":"product","link":"https:\/\/aloe-vera.ee\/tooted\/toode\/forever-supergreens\/","title":{"rendered":"Forever Supergreens"},"content":{"rendered":"<p>Muutke oma p\u00e4ev mitmekesisemaks kokteiliga, mis koosneb rohkem kui 20 aed- ja puuviljast, sealhulgas aaloest, spinatist, lehtkapsast, brokolist ja taral\u00f5nga marjadest. Kokteili on t\u00e4iendatud E-vitamiiniga, mis aitab rakke oks\u00fcdatiivse kahjustuse eest kaitsta, ja C-vitamiiniga, mis aitab immuuns\u00fcsteemi talitluse normaalsena hoida. Segage \u00fcks pakk klaasit\u00e4ie vee v\u00f5i lemmikjoogiga ning &#8230; terviseks! V\u00f5rratu v\u00f5imalus t\u00e4iendada oma toidusedelit andidega, mis p\u00e4rinevad rohelisest loodusest!<\/p>\n","protected":false},"excerpt":{"rendered":"<p>Muutke oma p\u00e4ev mitmekesisemaks kokteiliga, mis koosneb rohkem kui 20 aed- ja puuviljast, sealhulgas aaloest, spinatist, lehtkapsast, brokolist ja taral\u00f5nga marjadest. Kokteili on t\u00e4iendatud E-vitamiiniga, mis aitab rakke oks\u00fcdatiivse kahjustuse eest kaitsta, ja C-vitamiiniga, mis aitab immuuns\u00fcsteemi talitluse normaalsena hoida. Segage \u00fcks pakk klaasit\u00e4ie vee v\u00f5i lemmikjoogiga ning &#8230; terviseks! V\u00f5rratu v\u00f5imalus t\u00e4iendada oma toidusedelit [&hellip;]<\/p>\n","protected":false},"featured_media":3723,"comment_status":"closed","ping_status":"closed","template":"","meta":[],"product_brand":[],"product_cat":[19],"product_tag":[],"class_list":{"0":"post-3722","1":"product","2":"type-product","3":"status-publish","4":"has-post-thumbnail","6":"product_cat-toitumine","8":"first","9":"instock","10":"shipping-taxable","11":"purchasable","12":"product-type-simple"},"_links":{"self":[{"href":"https:\/\/aloe-vera.ee\/tooted\/wp-json\/wp\/v2\/product\/3722","targetHints":{"allow":["GET"]}}],"collection":[{"href":"https:\/\/aloe-vera.ee\/tooted\/wp-json\/wp\/v2\/product"}],"about":[{"href":"https:\/\/aloe-vera.ee\/tooted\/wp-json\/wp\/v2\/types\/product"}],"replies":[{"embeddable":true,"href":"https:\/\/aloe-vera.ee\/tooted\/wp-json\/wp\/v2\/comments?post=3722"}],"wp:featuredmedia":[{"embeddable":true,"href":"https:\/\/aloe-vera.ee\/tooted\/wp-json\/wp\/v2\/media\/3723"}],"wp:attachment":[{"href":"https:\/\/aloe-vera.ee\/tooted\/wp-json\/wp\/v2\/media?parent=3722"}],"wp:term":[{"taxonomy":"product_brand","embeddable":true,"href":"https:\/\/aloe-vera.ee\/tooted\/wp-json\/wp\/v2\/product_brand?post=3722"},{"taxonomy":"product_cat","embeddable":true,"href":"https:\/\/aloe-vera.ee\/tooted\/wp-json\/wp\/v2\/product_cat?post=3722"},{"taxonomy":"product_tag","embeddable":true,"href":"https:\/\/aloe-vera.ee\/tooted\/wp-json\/wp\/v2\/product_tag?post=3722"}],"curies":[{"name":"wp","href":"https:\/\/api.w.org\/{rel}","templated":true}]}}