{"id":3635,"date":"2024-03-30T08:33:27","date_gmt":"2024-03-30T06:33:27","guid":{"rendered":"https:\/\/aloe-vera.ee\/tooted\/?post_type=product&#038;p=3635"},"modified":"2024-06-17T16:03:56","modified_gmt":"2024-06-17T14:03:56","slug":"forever-focus","status":"publish","type":"product","link":"https:\/\/aloe-vera.ee\/tooted\/toode\/forever-focus\/","title":{"rendered":"Forever Focus"},"content":{"rendered":"<p>Kasutage igat p\u00e4eva aktiivselt \u00e4ra!<br \/>\nSee toidulisand sobib suurep\u00e4raselt t\u00f6\u00f6tavatele, \u00f5ppivatele ja aktiivsetele t\u00e4iskasvanud inimestele. Seda t\u00e4nu<br \/>\ntsingi, pantoteenhappe, tsitikoliini, B6- ja B12-vitamiini segule. Pantoteenhape aitab toetada normaalset ajutegevust. B6- ja B12-vitamiin aitavad toetada n\u00e4rvis\u00fcsteemi normaalset talitlust ning v\u00e4hendada v\u00e4simustunnet ja kurnatust. Sisaldab kofeiini ja tsitikoliini. Ei sobi tarvitamiseks lastele.<\/p>\n","protected":false},"excerpt":{"rendered":"<p>Kasutage igat p\u00e4eva aktiivselt \u00e4ra! See toidulisand sobib suurep\u00e4raselt t\u00f6\u00f6tavatele, \u00f5ppivatele ja aktiivsetele t\u00e4iskasvanud inimestele. Seda t\u00e4nu tsingi, pantoteenhappe, tsitikoliini, B6- ja B12-vitamiini segule. Pantoteenhape aitab toetada normaalset ajutegevust. B6- ja B12-vitamiin aitavad toetada n\u00e4rvis\u00fcsteemi normaalset talitlust ning v\u00e4hendada v\u00e4simustunnet ja kurnatust. Sisaldab kofeiini ja tsitikoliini. Ei sobi tarvitamiseks lastele.<\/p>\n","protected":false},"featured_media":3636,"comment_status":"closed","ping_status":"closed","template":"","meta":[],"product_brand":[],"product_cat":[19],"product_tag":[],"class_list":{"0":"post-3635","1":"product","2":"type-product","3":"status-publish","4":"has-post-thumbnail","6":"product_cat-toitumine","8":"first","9":"instock","10":"shipping-taxable","11":"purchasable","12":"product-type-simple"},"_links":{"self":[{"href":"https:\/\/aloe-vera.ee\/tooted\/wp-json\/wp\/v2\/product\/3635","targetHints":{"allow":["GET"]}}],"collection":[{"href":"https:\/\/aloe-vera.ee\/tooted\/wp-json\/wp\/v2\/product"}],"about":[{"href":"https:\/\/aloe-vera.ee\/tooted\/wp-json\/wp\/v2\/types\/product"}],"replies":[{"embeddable":true,"href":"https:\/\/aloe-vera.ee\/tooted\/wp-json\/wp\/v2\/comments?post=3635"}],"wp:featuredmedia":[{"embeddable":true,"href":"https:\/\/aloe-vera.ee\/tooted\/wp-json\/wp\/v2\/media\/3636"}],"wp:attachment":[{"href":"https:\/\/aloe-vera.ee\/tooted\/wp-json\/wp\/v2\/media?parent=3635"}],"wp:term":[{"taxonomy":"product_brand","embeddable":true,"href":"https:\/\/aloe-vera.ee\/tooted\/wp-json\/wp\/v2\/product_brand?post=3635"},{"taxonomy":"product_cat","embeddable":true,"href":"https:\/\/aloe-vera.ee\/tooted\/wp-json\/wp\/v2\/product_cat?post=3635"},{"taxonomy":"product_tag","embeddable":true,"href":"https:\/\/aloe-vera.ee\/tooted\/wp-json\/wp\/v2\/product_tag?post=3635"}],"curies":[{"name":"wp","href":"https:\/\/api.w.org\/{rel}","templated":true}]}}