{"id":3631,"date":"2024-03-30T08:22:30","date_gmt":"2024-03-30T06:22:30","guid":{"rendered":"https:\/\/aloe-vera.ee\/tooted\/?post_type=product&#038;p=3631"},"modified":"2024-06-17T16:08:24","modified_gmt":"2024-06-17T14:08:24","slug":"rohelised-aasad","status":"publish","type":"product","link":"https:\/\/aloe-vera.ee\/tooted\/toode\/rohelised-aasad\/","title":{"rendered":"Rohelised aasad"},"content":{"rendered":"<p>Kui me ei saa kiire elur\u00fctmi t\u00f5ttu alati piisavalt v\u00e4rsket aedvilja, v\u00f5ivad t\u00f5husaks abiks olla Rohelised aasad. Toode sisaldab nisu- ja odraorast, milles leidub vitamiine, mineraale, klorof\u00fclli ja kiudaineid. Lisaks on seda t\u00e4iendatud Cayenne\u2019i pipra, mee ja hariliku lutserniga, mis paistavad silma toitainesisalduse mitmekesisuse poolest.<\/p>\n","protected":false},"excerpt":{"rendered":"<p>Kui me ei saa kiire elur\u00fctmi t\u00f5ttu alati piisavalt v\u00e4rsket aedvilja, v\u00f5ivad t\u00f5husaks abiks olla Rohelised aasad. Toode sisaldab nisu- ja odraorast, milles leidub vitamiine, mineraale, klorof\u00fclli ja kiudaineid. Lisaks on seda t\u00e4iendatud Cayenne\u2019i pipra, mee ja hariliku lutserniga, mis paistavad silma toitainesisalduse mitmekesisuse poolest.<\/p>\n","protected":false},"featured_media":3632,"comment_status":"closed","ping_status":"closed","template":"","meta":[],"product_brand":[],"product_cat":[19],"product_tag":[],"class_list":{"0":"post-3631","1":"product","2":"type-product","3":"status-publish","4":"has-post-thumbnail","6":"product_cat-toitumine","8":"first","9":"instock","10":"shipping-taxable","11":"purchasable","12":"product-type-simple"},"_links":{"self":[{"href":"https:\/\/aloe-vera.ee\/tooted\/wp-json\/wp\/v2\/product\/3631","targetHints":{"allow":["GET"]}}],"collection":[{"href":"https:\/\/aloe-vera.ee\/tooted\/wp-json\/wp\/v2\/product"}],"about":[{"href":"https:\/\/aloe-vera.ee\/tooted\/wp-json\/wp\/v2\/types\/product"}],"replies":[{"embeddable":true,"href":"https:\/\/aloe-vera.ee\/tooted\/wp-json\/wp\/v2\/comments?post=3631"}],"wp:featuredmedia":[{"embeddable":true,"href":"https:\/\/aloe-vera.ee\/tooted\/wp-json\/wp\/v2\/media\/3632"}],"wp:attachment":[{"href":"https:\/\/aloe-vera.ee\/tooted\/wp-json\/wp\/v2\/media?parent=3631"}],"wp:term":[{"taxonomy":"product_brand","embeddable":true,"href":"https:\/\/aloe-vera.ee\/tooted\/wp-json\/wp\/v2\/product_brand?post=3631"},{"taxonomy":"product_cat","embeddable":true,"href":"https:\/\/aloe-vera.ee\/tooted\/wp-json\/wp\/v2\/product_cat?post=3631"},{"taxonomy":"product_tag","embeddable":true,"href":"https:\/\/aloe-vera.ee\/tooted\/wp-json\/wp\/v2\/product_tag?post=3631"}],"curies":[{"name":"wp","href":"https:\/\/api.w.org\/{rel}","templated":true}]}}