{"id":173,"date":"2018-01-26T21:08:17","date_gmt":"2018-01-26T19:08:17","guid":{"rendered":"https:\/\/aloe-vera.ee\/tooted\/?post_type=product&#038;p=173"},"modified":"2024-08-02T07:54:59","modified_gmt":"2024-08-02T05:54:59","slug":"vitolize-meeste-toidulisand","status":"publish","type":"product","link":"https:\/\/aloe-vera.ee\/tooted\/toode\/vitolize-meeste-toidulisand\/","title":{"rendered":"Vit\u2640Lize naiste toidulisand"},"content":{"rendered":"<div class=\"page\" title=\"Page 7\">\n<div class=\"layoutArea\">\n<div class=\"column\">\n<p>Loodud spetsiaalselt naistele. Siin on vitamiinid, mineraalid ja spetsiaalne puuvilja-marjasegu (j\u00f5hvikad, hiina sidrunv\u00e4\u00e4ndiku marjad, kannatuslille viljad). D-vitamiin aitab toetada kaltsiumi ja fosfori normaalset imendumist ja\/v\u00f5i omastamist, samuti aitab luude seisundi korras hoida. B12-vitamiin ja foolhape on t\u00e4htsad normaalse ps\u00fchholoogilise seisundi toetuseks ning immuuns\u00fcsteemi normaalseks talitluseks.<\/p>\n<\/div>\n<\/div>\n<\/div>\n","protected":false},"excerpt":{"rendered":"<p>Loodud spetsiaalselt naistele. Siin on vitamiinid, mineraalid ja spetsiaalne puuvilja-marjasegu (j\u00f5hvikad, hiina sidrunv\u00e4\u00e4ndiku marjad, kannatuslille viljad). D-vitamiin aitab toetada kaltsiumi ja fosfori normaalset imendumist ja\/v\u00f5i omastamist, samuti aitab luude seisundi korras hoida. B12-vitamiin ja foolhape on t\u00e4htsad normaalse ps\u00fchholoogilise seisundi toetuseks ning immuuns\u00fcsteemi normaalseks talitluseks.<\/p>\n","protected":false},"featured_media":3797,"comment_status":"open","ping_status":"closed","template":"","meta":[],"product_brand":[],"product_cat":[19],"product_tag":[],"class_list":{"0":"post-173","1":"product","2":"type-product","3":"status-publish","4":"has-post-thumbnail","6":"product_cat-toitumine","8":"first","9":"instock","10":"shipping-taxable","11":"purchasable","12":"product-type-simple"},"_links":{"self":[{"href":"https:\/\/aloe-vera.ee\/tooted\/wp-json\/wp\/v2\/product\/173","targetHints":{"allow":["GET"]}}],"collection":[{"href":"https:\/\/aloe-vera.ee\/tooted\/wp-json\/wp\/v2\/product"}],"about":[{"href":"https:\/\/aloe-vera.ee\/tooted\/wp-json\/wp\/v2\/types\/product"}],"replies":[{"embeddable":true,"href":"https:\/\/aloe-vera.ee\/tooted\/wp-json\/wp\/v2\/comments?post=173"}],"wp:featuredmedia":[{"embeddable":true,"href":"https:\/\/aloe-vera.ee\/tooted\/wp-json\/wp\/v2\/media\/3797"}],"wp:attachment":[{"href":"https:\/\/aloe-vera.ee\/tooted\/wp-json\/wp\/v2\/media?parent=173"}],"wp:term":[{"taxonomy":"product_brand","embeddable":true,"href":"https:\/\/aloe-vera.ee\/tooted\/wp-json\/wp\/v2\/product_brand?post=173"},{"taxonomy":"product_cat","embeddable":true,"href":"https:\/\/aloe-vera.ee\/tooted\/wp-json\/wp\/v2\/product_cat?post=173"},{"taxonomy":"product_tag","embeddable":true,"href":"https:\/\/aloe-vera.ee\/tooted\/wp-json\/wp\/v2\/product_tag?post=173"}],"curies":[{"name":"wp","href":"https:\/\/api.w.org\/{rel}","templated":true}]}}