{"id":165,"date":"2018-01-26T20:55:55","date_gmt":"2018-01-26T18:55:55","guid":{"rendered":"https:\/\/aloe-vera.ee\/tooted\/?post_type=product&#038;p=165"},"modified":"2024-06-17T16:31:58","modified_gmt":"2024-06-17T14:31:58","slug":"forever-calcium","status":"publish","type":"product","link":"https:\/\/aloe-vera.ee\/tooted\/toode\/forever-calcium\/","title":{"rendered":"Foreveri kaltsium"},"content":{"rendered":"<div class=\"page\" title=\"Page 6\">\n<div class=\"layoutArea\">\n<div class=\"column\">\n<p>Vanusega kahaneb meie organismi v\u00f5ime omastada kaltsiumi. Siis v\u00f5ime appi v\u00f5tta foreveri kaltsiumi. Kaltsium on vajalik luude ja hammaste normaalse seisukorra s\u00e4ilitamiseks. Koostisesse kuuluvad veel magneesium, mis aitab hambad ja luud korras hoida, ning D-vitamiin, mis aitab vere kaltsiumisisalduse normis hoida. Just see, mida vaja!<\/p>\n<\/div>\n<\/div>\n<\/div>\n","protected":false},"excerpt":{"rendered":"<p>Vanusega kahaneb meie organismi v\u00f5ime omastada kaltsiumi. Siis v\u00f5ime appi v\u00f5tta foreveri kaltsiumi. Kaltsium on vajalik luude ja hammaste normaalse seisukorra s\u00e4ilitamiseks. Koostisesse kuuluvad veel magneesium, mis aitab hambad ja luud korras hoida, ning D-vitamiin, mis aitab vere kaltsiumisisalduse normis hoida. Just see, mida vaja!<\/p>\n","protected":false},"featured_media":3714,"comment_status":"open","ping_status":"closed","template":"","meta":[],"product_brand":[],"product_cat":[19],"product_tag":[],"class_list":{"0":"post-165","1":"product","2":"type-product","3":"status-publish","4":"has-post-thumbnail","6":"product_cat-toitumine","8":"first","9":"instock","10":"shipping-taxable","11":"purchasable","12":"product-type-simple"},"_links":{"self":[{"href":"https:\/\/aloe-vera.ee\/tooted\/wp-json\/wp\/v2\/product\/165","targetHints":{"allow":["GET"]}}],"collection":[{"href":"https:\/\/aloe-vera.ee\/tooted\/wp-json\/wp\/v2\/product"}],"about":[{"href":"https:\/\/aloe-vera.ee\/tooted\/wp-json\/wp\/v2\/types\/product"}],"replies":[{"embeddable":true,"href":"https:\/\/aloe-vera.ee\/tooted\/wp-json\/wp\/v2\/comments?post=165"}],"wp:featuredmedia":[{"embeddable":true,"href":"https:\/\/aloe-vera.ee\/tooted\/wp-json\/wp\/v2\/media\/3714"}],"wp:attachment":[{"href":"https:\/\/aloe-vera.ee\/tooted\/wp-json\/wp\/v2\/media?parent=165"}],"wp:term":[{"taxonomy":"product_brand","embeddable":true,"href":"https:\/\/aloe-vera.ee\/tooted\/wp-json\/wp\/v2\/product_brand?post=165"},{"taxonomy":"product_cat","embeddable":true,"href":"https:\/\/aloe-vera.ee\/tooted\/wp-json\/wp\/v2\/product_cat?post=165"},{"taxonomy":"product_tag","embeddable":true,"href":"https:\/\/aloe-vera.ee\/tooted\/wp-json\/wp\/v2\/product_tag?post=165"}],"curies":[{"name":"wp","href":"https:\/\/api.w.org\/{rel}","templated":true}]}}