{"id":163,"date":"2018-01-26T20:54:22","date_gmt":"2018-01-26T18:54:22","guid":{"rendered":"https:\/\/aloe-vera.ee\/tooted\/?post_type=product&#038;p=163"},"modified":"2024-06-17T16:13:48","modified_gmt":"2024-06-17T14:13:48","slug":"forever-daily","status":"publish","type":"product","link":"https:\/\/aloe-vera.ee\/tooted\/toode\/forever-daily\/","title":{"rendered":"Forever Daily"},"content":{"rendered":"<div class=\"page\" title=\"Page 6\">\n<div class=\"layoutArea\">\n<div class=\"column\">\n<p>See on kiire viis saada iga p\u00e4ev vajalikke vitamiine ja mineraale. Toidulisand sisaldab 55 toitainet, mille omastamist t\u00f5hustab aaloe oligosahhariidide kompleks.<\/p>\n<p>Lisaks kuulub toote koostisesse puu- ja aedviljasegu. Ideaalne valik iga p\u00e4ev!<\/p>\n<\/div>\n<\/div>\n<\/div>\n","protected":false},"excerpt":{"rendered":"<p>See on kiire viis saada iga p\u00e4ev vajalikke vitamiine ja mineraale. Toidulisand sisaldab 55 toitainet, mille omastamist t\u00f5hustab aaloe oligosahhariidide kompleks. Lisaks kuulub toote koostisesse puu- ja aedviljasegu. Ideaalne valik iga p\u00e4ev!<\/p>\n","protected":false},"featured_media":3786,"comment_status":"open","ping_status":"closed","template":"","meta":[],"product_brand":[],"product_cat":[19],"product_tag":[],"class_list":{"0":"post-163","1":"product","2":"type-product","3":"status-publish","4":"has-post-thumbnail","6":"product_cat-toitumine","8":"first","9":"instock","10":"shipping-taxable","11":"purchasable","12":"product-type-simple"},"_links":{"self":[{"href":"https:\/\/aloe-vera.ee\/tooted\/wp-json\/wp\/v2\/product\/163","targetHints":{"allow":["GET"]}}],"collection":[{"href":"https:\/\/aloe-vera.ee\/tooted\/wp-json\/wp\/v2\/product"}],"about":[{"href":"https:\/\/aloe-vera.ee\/tooted\/wp-json\/wp\/v2\/types\/product"}],"replies":[{"embeddable":true,"href":"https:\/\/aloe-vera.ee\/tooted\/wp-json\/wp\/v2\/comments?post=163"}],"wp:featuredmedia":[{"embeddable":true,"href":"https:\/\/aloe-vera.ee\/tooted\/wp-json\/wp\/v2\/media\/3786"}],"wp:attachment":[{"href":"https:\/\/aloe-vera.ee\/tooted\/wp-json\/wp\/v2\/media?parent=163"}],"wp:term":[{"taxonomy":"product_brand","embeddable":true,"href":"https:\/\/aloe-vera.ee\/tooted\/wp-json\/wp\/v2\/product_brand?post=163"},{"taxonomy":"product_cat","embeddable":true,"href":"https:\/\/aloe-vera.ee\/tooted\/wp-json\/wp\/v2\/product_cat?post=163"},{"taxonomy":"product_tag","embeddable":true,"href":"https:\/\/aloe-vera.ee\/tooted\/wp-json\/wp\/v2\/product_tag?post=163"}],"curies":[{"name":"wp","href":"https:\/\/api.w.org\/{rel}","templated":true}]}}